{"id":862,"date":"2024-07-15T15:22:24","date_gmt":"2024-07-15T13:22:24","guid":{"rendered":"https:\/\/o-kline.com\/instalacao-do-filtro"},"modified":"2024-07-15T16:53:52","modified_gmt":"2024-07-15T14:53:52","slug":"instalacao-do-filtro","status":"publish","type":"page","link":"https:\/\/o-kline.com\/pt-pt\/instalacao-do-filtro","title":{"rendered":"Instala\u00e7\u00e3o do filtro"},"content":{"rendered":"<p><iframe title=\"Leitor de v\u00eddeo do YouTube\" src=\"https:\/\/www.youtube.com\/embed\/KjsqOC4X63Y\" width=\"850\" height=\"478\" frameborder=\"0\" allowfullscreen=\"allowfullscreen\"><\/iframe><\/p>\n<h2>Tutorial de instala\u00e7\u00e3o do filtro Okline<\/h2>\n<p>Mergulhe no nosso v\u00eddeo tutorial dedicado \u00e0 instala\u00e7\u00e3o dos filtros OKLINE Anti-Germ, concebidos para garantir a pureza da sua \u00e1gua. Quer seja para proteger contra bact\u00e9rias como a Legionella ou a Pseudomonas aeruginosa, ou outros contaminantes como algas coloidais e ferrugem, os nossos filtros s\u00e3o a solu\u00e7\u00e3o.<\/p>\n<p>Siga as nossas instru\u00e7\u00f5es passo a passo para instalar eficazmente o filtro mais adequado \u00e0s suas necessidades, quer se trate de um jato direto para uma torneira ou de um chuveiro de m\u00e3o para o chuveiro.<\/p>\n<p>Quer seja um profissional de sa\u00fade, um hoteleiro ou simplesmente um particular preocupado com a qualidade da sua \u00e1gua, o OKLINE oferece-lhe paz de esp\u00edrito com \u00e1gua controlada.<\/p>\n","protected":false},"excerpt":{"rendered":"<p>Tutorial de instala\u00e7\u00e3o do filtro Okline Mergulhe no nosso v\u00eddeo tutorial dedicado \u00e0 instala\u00e7\u00e3o dos filtros OKLINE Anti-Germ, concebidos para garantir a pureza da sua \u00e1gua. Quer seja para proteger contra bact\u00e9rias como a Legionella ou a Pseudomonas aeruginosa, ou outros contaminantes como algas coloidais e ferrugem, os nossos filtros s\u00e3o a solu\u00e7\u00e3o. Siga as [&hellip;]<\/p>\n","protected":false},"author":1,"featured_media":0,"parent":0,"menu_order":0,"comment_status":"closed","ping_status":"closed","template":"","meta":{"footnotes":""},"class_list":["post-862","page","type-page","status-publish","hentry"],"_links":{"self":[{"href":"https:\/\/o-kline.com\/pt-pt\/wp-json\/wp\/v2\/pages\/862","targetHints":{"allow":["GET"]}}],"collection":[{"href":"https:\/\/o-kline.com\/pt-pt\/wp-json\/wp\/v2\/pages"}],"about":[{"href":"https:\/\/o-kline.com\/pt-pt\/wp-json\/wp\/v2\/types\/page"}],"author":[{"embeddable":true,"href":"https:\/\/o-kline.com\/pt-pt\/wp-json\/wp\/v2\/users\/1"}],"replies":[{"embeddable":true,"href":"https:\/\/o-kline.com\/pt-pt\/wp-json\/wp\/v2\/comments?post=862"}],"version-history":[{"count":0,"href":"https:\/\/o-kline.com\/pt-pt\/wp-json\/wp\/v2\/pages\/862\/revisions"}],"wp:attachment":[{"href":"https:\/\/o-kline.com\/pt-pt\/wp-json\/wp\/v2\/media?parent=862"}],"curies":[{"name":"wp","href":"https:\/\/api.w.org\/{rel}","templated":true}]}}