{"id":805,"date":"2023-08-30T11:14:58","date_gmt":"2023-08-30T09:14:58","guid":{"rendered":"https:\/\/o-kline.com\/efficacia-dei-filtri-germinali-okline"},"modified":"2023-09-12T18:17:55","modified_gmt":"2023-09-12T16:17:55","slug":"efficacia-dei-filtri-germinali-okline","status":"publish","type":"page","link":"https:\/\/o-kline.com\/it\/efficacia-dei-filtri-germinali-okline","title":{"rendered":"Efficacia dei filtri germinali OKLINE"},"content":{"rendered":"\t\t<div data-elementor-type=\"wp-page\" data-elementor-id=\"805\" class=\"elementor elementor-805 elementor-651\" data-elementor-post-type=\"page\">\n\t\t\t\t\t\t<section class=\"elementor-section elementor-top-section elementor-element elementor-element-45d1533 elementor-section-boxed elementor-section-height-default elementor-section-height-default\" data-id=\"45d1533\" data-element_type=\"section\" data-e-type=\"section\">\n\t\t\t\t\t\t<div class=\"elementor-container elementor-column-gap-default\">\n\t\t\t\t\t<div class=\"elementor-column elementor-col-100 elementor-top-column elementor-element elementor-element-23fc2a4\" data-id=\"23fc2a4\" data-element_type=\"column\" data-e-type=\"column\">\n\t\t\t<div class=\"elementor-widget-wrap elementor-element-populated\">\n\t\t\t\t\t\t<div class=\"elementor-element elementor-element-9cc69d0 elementor-widget elementor-widget-heading\" data-id=\"9cc69d0\" data-element_type=\"widget\" data-e-type=\"widget\" data-widget_type=\"heading.default\">\n\t\t\t\t<div class=\"elementor-widget-container\">\n\t\t\t\t\t<h1 class=\"elementor-heading-title elementor-size-default\">Efficacia dei filtri germinali OKLINE<\/h1>\t\t\t\t<\/div>\n\t\t\t\t<\/div>\n\t\t\t\t<div class=\"elementor-element elementor-element-d64b79e elementor-widget elementor-widget-text-editor\" data-id=\"d64b79e\" data-element_type=\"widget\" data-e-type=\"widget\" data-widget_type=\"text-editor.default\">\n\t\t\t\t<div class=\"elementor-widget-container\">\n\t\t\t\t\t\t\t\t\t<p>Ecco un elenco non esaustivo di <strong>batteri patogeni<\/strong> e <strong>non patogeni<\/strong> che possono essere presenti nell&#8217;acqua di rete:<\/p>\n\t\t\t\t\t\t\t\t<\/div>\n\t\t\t\t<\/div>\n\t\t\t\t<div class=\"elementor-element elementor-element-3ef168e elementor-widget elementor-widget-heading\" data-id=\"3ef168e\" data-element_type=\"widget\" data-e-type=\"widget\" data-widget_type=\"heading.default\">\n\t\t\t\t<div class=\"elementor-widget-container\">\n\t\t\t\t\t<h2 class=\"elementor-heading-title elementor-size-default\">Batteri patogeni<\/h2>\t\t\t\t<\/div>\n\t\t\t\t<\/div>\n\t\t\t\t<div class=\"elementor-element elementor-element-d9181c4 elementor-widget elementor-widget-text-editor\" data-id=\"d9181c4\" data-element_type=\"widget\" data-e-type=\"widget\" data-widget_type=\"text-editor.default\">\n\t\t\t\t<div class=\"elementor-widget-container\">\n\t\t\t\t\t\t\t\t\t<ol>\n<li>Escherichia coli (E. coli)<\/li>\n<li>Salmonella spp.<\/li>\n<li>Campylobacter jejuni<\/li>\n<li>Vibrio cholerae (chol\u00e9ra)<\/li>\n<li>Legionella pneumophila <span style=\"color: var( --e-global-color-text ); font-family: var( --e-global-typography-text-font-family ), Sans-serif;\">(legionellosi)<\/span><\/li>\n<li>Shigella spp.<\/li>\n<li>Yersinia enterocolitica<\/li>\n<li>Pseudomonas aeruginosa<\/li>\n<li>Clostridium perfringens<\/li>\n<li>Staphylococcus aureus<\/li>\n<\/ol>\n\t\t\t\t\t\t\t\t<\/div>\n\t\t\t\t<\/div>\n\t\t\t\t<div class=\"elementor-element elementor-element-c8bad15 elementor-widget elementor-widget-heading\" data-id=\"c8bad15\" data-element_type=\"widget\" data-e-type=\"widget\" data-widget_type=\"heading.default\">\n\t\t\t\t<div class=\"elementor-widget-container\">\n\t\t\t\t\t<h2 class=\"elementor-heading-title elementor-size-default\">Batteri non patogeni<\/h2>\t\t\t\t<\/div>\n\t\t\t\t<\/div>\n\t\t\t\t<div class=\"elementor-element elementor-element-48b5ad1 elementor-widget elementor-widget-text-editor\" data-id=\"48b5ad1\" data-element_type=\"widget\" data-e-type=\"widget\" data-widget_type=\"text-editor.default\">\n\t\t\t\t<div class=\"elementor-widget-container\">\n\t\t\t\t\t\t\t\t\t<ol>\n<li>Bacillus spp.<\/li>\n<li>Enterococcus spp.<\/li>\n<li>Acinetobacter spp.<\/li>\n<li>Lactobacillus spp.<\/li>\n<li>Micrococcus spp.<\/li>\n<li>Pseudomonas fluorescens<\/li>\n<li>Serratia marcescens<\/li>\n<li>Stenotrophomonas<\/li>\n<li>maltophilia<\/li>\n<li>Aeromonas spp.<br \/>Alcaligenes spp.<\/li>\n<\/ol>\n\t\t\t\t\t\t\t\t<\/div>\n\t\t\t\t<\/div>\n\t\t\t\t<div class=\"elementor-element elementor-element-020b391 elementor-widget elementor-widget-text-editor\" data-id=\"020b391\" data-element_type=\"widget\" data-e-type=\"widget\" data-widget_type=\"text-editor.default\">\n\t\t\t\t<div class=\"elementor-widget-container\">\n\t\t\t\t\t\t\t\t\t<p>\u00c8 importante notare che la presenza di questi batteri nell&#8217;acqua di rete dipende da molti fattori, come la qualit\u00e0 dell&#8217;approvvigionamento idrico, il trattamento dell&#8217;acqua, la manutenzione della rete di distribuzione e altri fattori ambientali. Nella maggior parte dei casi, le autorit\u00e0 preposte all&#8217;approvvigionamento idrico si sforzano di mantenere elevati standard di qualit\u00e0 dell&#8217;acqua, effettuando analisi regolari e adottando misure per prevenire la contaminazione batterica.<\/p>\n\t\t\t\t\t\t\t\t<\/div>\n\t\t\t\t<\/div>\n\t\t\t\t<div class=\"elementor-element elementor-element-f206237 elementor-widget elementor-widget-text-editor\" data-id=\"f206237\" data-element_type=\"widget\" data-e-type=\"widget\" data-widget_type=\"text-editor.default\">\n\t\t\t\t<div class=\"elementor-widget-container\">\n\t\t\t\t\t\t\t\t\t<p><strong>Les bact\u00e9ries ayant une taille inf\u00e9rieure \u00e0 0,1 micron<\/strong> sont g\u00e9n\u00e9ralement consid\u00e9r\u00e9es comme des bact\u00e9ries regroup\u00e9es sous le terme de &#8220;bact\u00e9ries ultramicroscopiques&#8221;. Questi batteri sono estremamente piccoli e <strong>possono passare attraverso i tradizionali filtri<\/strong> di depurazione dell&#8217;acqua. Ecco alcuni esempi di batteri ultramicroscopici:<\/p>\n<ol>\n<li>Mycoplasma pneumoniae<\/li>\n<li>Chlamydia trachomatis<\/li>\n<li>Rickettsia prowazekii<\/li>\n<li>Coxiella burnetii<\/li>\n<li>Anaplasma phagocytophilum<\/li>\n<li>Ehrlichia chaffeensis<\/li>\n<\/ol>\n\t\t\t\t\t\t\t\t<\/div>\n\t\t\t\t<\/div>\n\t\t\t\t\t<\/div>\n\t\t<\/div>\n\t\t\t\t\t<\/div>\n\t\t<\/section>\n\t\t\t\t<\/div>\n\t\t","protected":false},"excerpt":{"rendered":"<p>Efficacia dei filtri germinali OKLINE Ecco un elenco non esaustivo di batteri patogeni e non patogeni che possono essere presenti nell&#8217;acqua di rete: Batteri patogeni Escherichia coli (E. coli) Salmonella spp. Campylobacter jejuni Vibrio cholerae (chol\u00e9ra) Legionella pneumophila (legionellosi) Shigella spp. Yersinia enterocolitica Pseudomonas aeruginosa Clostridium perfringens Staphylococcus aureus Batteri non patogeni Bacillus spp. Enterococcus [&hellip;]<\/p>\n","protected":false},"author":1,"featured_media":0,"parent":0,"menu_order":0,"comment_status":"closed","ping_status":"closed","template":"","meta":{"footnotes":""},"class_list":["post-805","page","type-page","status-publish","hentry"],"_links":{"self":[{"href":"https:\/\/o-kline.com\/it\/wp-json\/wp\/v2\/pages\/805","targetHints":{"allow":["GET"]}}],"collection":[{"href":"https:\/\/o-kline.com\/it\/wp-json\/wp\/v2\/pages"}],"about":[{"href":"https:\/\/o-kline.com\/it\/wp-json\/wp\/v2\/types\/page"}],"author":[{"embeddable":true,"href":"https:\/\/o-kline.com\/it\/wp-json\/wp\/v2\/users\/1"}],"replies":[{"embeddable":true,"href":"https:\/\/o-kline.com\/it\/wp-json\/wp\/v2\/comments?post=805"}],"version-history":[{"count":0,"href":"https:\/\/o-kline.com\/it\/wp-json\/wp\/v2\/pages\/805\/revisions"}],"wp:attachment":[{"href":"https:\/\/o-kline.com\/it\/wp-json\/wp\/v2\/media?parent=805"}],"curies":[{"name":"wp","href":"https:\/\/api.w.org\/{rel}","templated":true}]}}