{"id":819,"date":"2024-07-15T15:22:24","date_gmt":"2024-07-15T13:22:24","guid":{"rendered":"https:\/\/o-kline.com\/instalacion-del-filtro"},"modified":"2024-07-15T16:54:28","modified_gmt":"2024-07-15T14:54:28","slug":"instalacion-del-filtro","status":"publish","type":"page","link":"https:\/\/o-kline.com\/es\/instalacion-del-filtro","title":{"rendered":"Instalaci\u00f3n del filtro"},"content":{"rendered":"<p><iframe title=\"YouTube video player\" src=\"https:\/\/www.youtube.com\/embed\/KjsqOC4X63Y\" width=\"850\" height=\"478\" frameborder=\"0\" allowfullscreen=\"allowfullscreen\"><\/iframe><\/p>\n<h2>Tutorial de instalaci\u00f3n del filtro Okline<\/h2>\n<p>Sum\u00e9rjase en nuestro v\u00eddeo tutorial dedicado a la instalaci\u00f3n de los filtros OKLINE Anti-Germ, dise\u00f1ados para garantizar la pureza de su agua. Ya sea para proteger contra bacterias como Legionella o Pseudomonas aeruginosa, u otros contaminantes como algas coloidales y \u00f3xido, nuestros filtros son la soluci\u00f3n.<\/p>\n<p>Siga nuestras instrucciones paso a paso para colocar de forma eficaz el filtro adecuado a sus necesidades, ya sea un chorro recto para el grifo o una teleducha para la ducha.<\/p>\n<p>Tanto si es un profesional sanitario, un hotelero o simplemente un particular preocupado por la calidad de su agua, OKLINE le ofrece tranquilidad con agua controlada.<\/p>\n","protected":false},"excerpt":{"rendered":"<p>Tutorial de instalaci\u00f3n del filtro Okline Sum\u00e9rjase en nuestro v\u00eddeo tutorial dedicado a la instalaci\u00f3n de los filtros OKLINE Anti-Germ, dise\u00f1ados para garantizar la pureza de su agua. Ya sea para proteger contra bacterias como Legionella o Pseudomonas aeruginosa, u otros contaminantes como algas coloidales y \u00f3xido, nuestros filtros son la soluci\u00f3n. Siga nuestras instrucciones [&hellip;]<\/p>\n","protected":false},"author":1,"featured_media":0,"parent":0,"menu_order":0,"comment_status":"closed","ping_status":"closed","template":"","meta":{"footnotes":""},"class_list":["post-819","page","type-page","status-publish","hentry"],"_links":{"self":[{"href":"https:\/\/o-kline.com\/es\/wp-json\/wp\/v2\/pages\/819","targetHints":{"allow":["GET"]}}],"collection":[{"href":"https:\/\/o-kline.com\/es\/wp-json\/wp\/v2\/pages"}],"about":[{"href":"https:\/\/o-kline.com\/es\/wp-json\/wp\/v2\/types\/page"}],"author":[{"embeddable":true,"href":"https:\/\/o-kline.com\/es\/wp-json\/wp\/v2\/users\/1"}],"replies":[{"embeddable":true,"href":"https:\/\/o-kline.com\/es\/wp-json\/wp\/v2\/comments?post=819"}],"version-history":[{"count":0,"href":"https:\/\/o-kline.com\/es\/wp-json\/wp\/v2\/pages\/819\/revisions"}],"wp:attachment":[{"href":"https:\/\/o-kline.com\/es\/wp-json\/wp\/v2\/media?parent=819"}],"curies":[{"name":"wp","href":"https:\/\/api.w.org\/{rel}","templated":true}]}}