{"id":719,"date":"2023-08-30T11:14:58","date_gmt":"2023-08-30T09:14:58","guid":{"rendered":"https:\/\/o-kline.com\/eficacia-de-los-filtros-de-germenes-okline"},"modified":"2023-08-30T11:29:40","modified_gmt":"2023-08-30T09:29:40","slug":"eficacia-de-los-filtros-de-germenes-okline","status":"publish","type":"page","link":"https:\/\/o-kline.com\/es\/eficacia-de-los-filtros-de-germenes-okline","title":{"rendered":"Eficacia de los filtros de g\u00e9rmenes OKLINE"},"content":{"rendered":"\t\t<div data-elementor-type=\"wp-page\" data-elementor-id=\"719\" class=\"elementor elementor-719 elementor-651\" data-elementor-post-type=\"page\">\n\t\t\t\t\t\t<section class=\"elementor-section elementor-top-section elementor-element elementor-element-45d1533 elementor-section-boxed elementor-section-height-default elementor-section-height-default\" data-id=\"45d1533\" data-element_type=\"section\" data-e-type=\"section\">\n\t\t\t\t\t\t<div class=\"elementor-container elementor-column-gap-default\">\n\t\t\t\t\t<div class=\"elementor-column elementor-col-100 elementor-top-column elementor-element elementor-element-23fc2a4\" data-id=\"23fc2a4\" data-element_type=\"column\" data-e-type=\"column\">\n\t\t\t<div class=\"elementor-widget-wrap elementor-element-populated\">\n\t\t\t\t\t\t<div class=\"elementor-element elementor-element-9cc69d0 elementor-widget elementor-widget-heading\" data-id=\"9cc69d0\" data-element_type=\"widget\" data-e-type=\"widget\" data-widget_type=\"heading.default\">\n\t\t\t\t<div class=\"elementor-widget-container\">\n\t\t\t\t\t<h1 class=\"elementor-heading-title elementor-size-default\">Eficacia de los filtros de g\u00e9rmenes OKLINE<\/h1>\t\t\t\t<\/div>\n\t\t\t\t<\/div>\n\t\t\t\t<div class=\"elementor-element elementor-element-d64b79e elementor-widget elementor-widget-text-editor\" data-id=\"d64b79e\" data-element_type=\"widget\" data-e-type=\"widget\" data-widget_type=\"text-editor.default\">\n\t\t\t\t<div class=\"elementor-widget-container\">\n\t\t\t\t\t\t\t\t\t<p>He aqu\u00ed una lista no exhaustiva de <strong>bacterias pat\u00f3genas<\/strong> y <strong>no pat\u00f3genas<\/strong> que pueden estar presentes en el agua corriente:<\/p>\n\t\t\t\t\t\t\t\t<\/div>\n\t\t\t\t<\/div>\n\t\t\t\t<div class=\"elementor-element elementor-element-3ef168e elementor-widget elementor-widget-heading\" data-id=\"3ef168e\" data-element_type=\"widget\" data-e-type=\"widget\" data-widget_type=\"heading.default\">\n\t\t\t\t<div class=\"elementor-widget-container\">\n\t\t\t\t\t<h2 class=\"elementor-heading-title elementor-size-default\">Bacterias pat\u00f3genas<\/h2>\t\t\t\t<\/div>\n\t\t\t\t<\/div>\n\t\t\t\t<div class=\"elementor-element elementor-element-d9181c4 elementor-widget elementor-widget-text-editor\" data-id=\"d9181c4\" data-element_type=\"widget\" data-e-type=\"widget\" data-widget_type=\"text-editor.default\">\n\t\t\t\t<div class=\"elementor-widget-container\">\n\t\t\t\t\t\t\t\t\t<ol>\n<li>Escherichia coli (E. coli)<\/li>\n<li>Salmonella spp.<\/li>\n<li>Campylobacter jejuni<\/li>\n<li>Vibrio cholerae (c\u00f3lera)<\/li>\n<li>Legionella pneumophila <span style=\"color: var( --e-global-color-text ); font-family: var( --e-global-typography-text-font-family ), Sans-serif;\">(legionelosis)<\/span><\/li>\n<li>Shigella spp.<\/li>\n<li>Yersinia enterocolitica<\/li>\n<li>Pseudomonas aeruginosa<\/li>\n<li>Clostridium perfringens<\/li>\n<li>Staphylococcus aureus<\/li>\n<\/ol>\n\t\t\t\t\t\t\t\t<\/div>\n\t\t\t\t<\/div>\n\t\t\t\t<div class=\"elementor-element elementor-element-c8bad15 elementor-widget elementor-widget-heading\" data-id=\"c8bad15\" data-element_type=\"widget\" data-e-type=\"widget\" data-widget_type=\"heading.default\">\n\t\t\t\t<div class=\"elementor-widget-container\">\n\t\t\t\t\t<h2 class=\"elementor-heading-title elementor-size-default\">Bacterias no pat\u00f3genas<\/h2>\t\t\t\t<\/div>\n\t\t\t\t<\/div>\n\t\t\t\t<div class=\"elementor-element elementor-element-48b5ad1 elementor-widget elementor-widget-text-editor\" data-id=\"48b5ad1\" data-element_type=\"widget\" data-e-type=\"widget\" data-widget_type=\"text-editor.default\">\n\t\t\t\t<div class=\"elementor-widget-container\">\n\t\t\t\t\t\t\t\t\t<ol>\n<li>Bacillus spp.<\/li>\n<li>Enterococcus spp.<\/li>\n<li>Acinetobacter spp.<\/li>\n<li>Lactobacillus spp.<\/li>\n<li>Micrococcus spp.<\/li>\n<li>Pseudomonas fluorescens<\/li>\n<li>Serratia marcescens<\/li>\n<li>Stenotrophomonas<\/li>\n<li>maltophilia<\/li>\n<li>Aeromonas spp.<br \/>Alcaligenes spp.<\/li>\n<\/ol>\n\t\t\t\t\t\t\t\t<\/div>\n\t\t\t\t<\/div>\n\t\t\t\t<div class=\"elementor-element elementor-element-020b391 elementor-widget elementor-widget-text-editor\" data-id=\"020b391\" data-element_type=\"widget\" data-e-type=\"widget\" data-widget_type=\"text-editor.default\">\n\t\t\t\t<div class=\"elementor-widget-container\">\n\t\t\t\t\t\t\t\t\t<p>Es importante se\u00f1alar que la presencia de estas bacterias en el agua de red depende de muchos factores, como la calidad del suministro de agua, el tratamiento del agua, el mantenimiento de la red de distribuci\u00f3n y otros factores ambientales. En la mayor\u00eda de los casos, las autoridades de abastecimiento de agua se esfuerzan por mantener altos niveles de calidad del agua realizando an\u00e1lisis peri\u00f3dicos y tomando medidas para evitar la contaminaci\u00f3n bacteriana.<\/p>\n\t\t\t\t\t\t\t\t<\/div>\n\t\t\t\t<\/div>\n\t\t\t\t<div class=\"elementor-element elementor-element-f206237 elementor-widget elementor-widget-text-editor\" data-id=\"f206237\" data-element_type=\"widget\" data-e-type=\"widget\" data-widget_type=\"text-editor.default\">\n\t\t\t\t<div class=\"elementor-widget-container\">\n\t\t\t\t\t\t\t\t\t<p><strong>Las bacterias de tama\u00f1o inferior a 0,1 micras<\/strong> suelen considerarse \u00abbacterias ultramicrosc\u00f3picas\u00bb. Estas bacterias son extremadamente peque\u00f1as y <strong>pueden atravesar los filtros tradicionales<\/strong> de purificaci\u00f3n del agua. He aqu\u00ed algunos ejemplos de bacterias ultramicrosc\u00f3picas:<\/p>\n<ol>\n<li>Mycoplasma pneumoniae<\/li>\n<li>Chlamydia trachomatis<\/li>\n<li>Rickettsia prowazekii<\/li>\n<li>Coxiella burnetii<\/li>\n<li>Anaplasma phagocytophilum<\/li>\n<li>Ehrlichia chaffeensis<\/li>\n<\/ol>\n\t\t\t\t\t\t\t\t<\/div>\n\t\t\t\t<\/div>\n\t\t\t\t\t<\/div>\n\t\t<\/div>\n\t\t\t\t\t<\/div>\n\t\t<\/section>\n\t\t\t\t<\/div>\n\t\t","protected":false},"excerpt":{"rendered":"<p>Eficacia de los filtros de g\u00e9rmenes OKLINE He aqu\u00ed una lista no exhaustiva de bacterias pat\u00f3genas y no pat\u00f3genas que pueden estar presentes en el agua corriente: Bacterias pat\u00f3genas Escherichia coli (E. coli) Salmonella spp. Campylobacter jejuni Vibrio cholerae (c\u00f3lera) Legionella pneumophila (legionelosis) Shigella spp. Yersinia enterocolitica Pseudomonas aeruginosa Clostridium perfringens Staphylococcus aureus Bacterias no [&hellip;]<\/p>\n","protected":false},"author":1,"featured_media":0,"parent":0,"menu_order":0,"comment_status":"closed","ping_status":"closed","template":"","meta":{"footnotes":""},"class_list":["post-719","page","type-page","status-publish","hentry"],"_links":{"self":[{"href":"https:\/\/o-kline.com\/es\/wp-json\/wp\/v2\/pages\/719","targetHints":{"allow":["GET"]}}],"collection":[{"href":"https:\/\/o-kline.com\/es\/wp-json\/wp\/v2\/pages"}],"about":[{"href":"https:\/\/o-kline.com\/es\/wp-json\/wp\/v2\/types\/page"}],"author":[{"embeddable":true,"href":"https:\/\/o-kline.com\/es\/wp-json\/wp\/v2\/users\/1"}],"replies":[{"embeddable":true,"href":"https:\/\/o-kline.com\/es\/wp-json\/wp\/v2\/comments?post=719"}],"version-history":[{"count":0,"href":"https:\/\/o-kline.com\/es\/wp-json\/wp\/v2\/pages\/719\/revisions"}],"wp:attachment":[{"href":"https:\/\/o-kline.com\/es\/wp-json\/wp\/v2\/media?parent=719"}],"curies":[{"name":"wp","href":"https:\/\/api.w.org\/{rel}","templated":true}]}}