{"id":816,"date":"2024-07-15T15:22:24","date_gmt":"2024-07-15T13:22:24","guid":{"rendered":"https:\/\/o-kline.com\/installation-des-filters"},"modified":"2024-07-15T16:53:05","modified_gmt":"2024-07-15T14:53:05","slug":"installation-des-filters","status":"publish","type":"page","link":"https:\/\/o-kline.com\/de\/installation-des-filters","title":{"rendered":"Installation des Filters"},"content":{"rendered":"<p><iframe title=\"YouTube video player\" src=\"https:\/\/www.youtube.com\/embed\/KjsqOC4X63Y\" width=\"850\" height=\"478\" frameborder=\"0\" allowfullscreen=\"allowfullscreen\"><\/iframe><\/p>\n<h2>Tutorial zur Installation eines Filters aus der Okline-Reihe<\/h2>\n<p>Tauchen Sie ein in unser Video-Tutorial zur Installation der OKLINE Anti-Keim-Filter, die entwickelt wurden, um die Reinheit Ihres Wassers zu gew\u00e4hrleisten. Ob es um den Schutz vor Bakterien wie Legionella oder Pseudomonas aeruginosa geht oder um andere Verunreinigungen wie kolloidale Algen und Rost, unsere Filter sind die L\u00f6sung.<\/p>\n<p>Befolgen Sie unsere detaillierten Schritte, um den richtigen Filter f\u00fcr Ihren Bedarf effizient zu montieren, sei es ein gerader Strahl f\u00fcr den Wasserhahn oder eine Handbrause f\u00fcr die Dusche.<\/p>\n<p>Ob Sie nun im Gesundheitswesen t\u00e4tig sind, in der Hotellerie arbeiten oder einfach nur als Privatperson auf die Qualit\u00e4t Ihres Wassers achten, OKLINE bietet Ihnen Seelenfrieden mit kontrolliertem Wasser.<\/p>\n","protected":false},"excerpt":{"rendered":"<p>Tutorial zur Installation eines Filters aus der Okline-Reihe Tauchen Sie ein in unser Video-Tutorial zur Installation der OKLINE Anti-Keim-Filter, die entwickelt wurden, um die Reinheit Ihres Wassers zu gew\u00e4hrleisten. Ob es um den Schutz vor Bakterien wie Legionella oder Pseudomonas aeruginosa geht oder um andere Verunreinigungen wie kolloidale Algen und Rost, unsere Filter sind die [&hellip;]<\/p>\n","protected":false},"author":1,"featured_media":0,"parent":0,"menu_order":0,"comment_status":"closed","ping_status":"closed","template":"","meta":{"footnotes":""},"class_list":["post-816","page","type-page","status-publish","hentry"],"_links":{"self":[{"href":"https:\/\/o-kline.com\/de\/wp-json\/wp\/v2\/pages\/816","targetHints":{"allow":["GET"]}}],"collection":[{"href":"https:\/\/o-kline.com\/de\/wp-json\/wp\/v2\/pages"}],"about":[{"href":"https:\/\/o-kline.com\/de\/wp-json\/wp\/v2\/types\/page"}],"author":[{"embeddable":true,"href":"https:\/\/o-kline.com\/de\/wp-json\/wp\/v2\/users\/1"}],"replies":[{"embeddable":true,"href":"https:\/\/o-kline.com\/de\/wp-json\/wp\/v2\/comments?post=816"}],"version-history":[{"count":0,"href":"https:\/\/o-kline.com\/de\/wp-json\/wp\/v2\/pages\/816\/revisions"}],"wp:attachment":[{"href":"https:\/\/o-kline.com\/de\/wp-json\/wp\/v2\/media?parent=816"}],"curies":[{"name":"wp","href":"https:\/\/api.w.org\/{rel}","templated":true}]}}