{"id":718,"date":"2023-08-30T11:14:58","date_gmt":"2023-08-30T09:14:58","guid":{"rendered":"https:\/\/o-kline.com\/wirksamkeit-der-okline-keimschutzfilter"},"modified":"2023-08-30T11:26:17","modified_gmt":"2023-08-30T09:26:17","slug":"wirksamkeit-der-okline-keimschutzfilter","status":"publish","type":"page","link":"https:\/\/o-kline.com\/de\/wirksamkeit-der-okline-keimschutzfilter","title":{"rendered":"Wirksamkeit der OKLINE-Keimschutzfilter"},"content":{"rendered":"\t\t<div data-elementor-type=\"wp-page\" data-elementor-id=\"718\" class=\"elementor elementor-718 elementor-651\" data-elementor-post-type=\"page\">\n\t\t\t\t\t\t<section class=\"elementor-section elementor-top-section elementor-element elementor-element-45d1533 elementor-section-boxed elementor-section-height-default elementor-section-height-default\" data-id=\"45d1533\" data-element_type=\"section\" data-e-type=\"section\">\n\t\t\t\t\t\t<div class=\"elementor-container elementor-column-gap-default\">\n\t\t\t\t\t<div class=\"elementor-column elementor-col-100 elementor-top-column elementor-element elementor-element-23fc2a4\" data-id=\"23fc2a4\" data-element_type=\"column\" data-e-type=\"column\">\n\t\t\t<div class=\"elementor-widget-wrap elementor-element-populated\">\n\t\t\t\t\t\t<div class=\"elementor-element elementor-element-9cc69d0 elementor-widget elementor-widget-heading\" data-id=\"9cc69d0\" data-element_type=\"widget\" data-e-type=\"widget\" data-widget_type=\"heading.default\">\n\t\t\t\t<div class=\"elementor-widget-container\">\n\t\t\t\t\t<h1 class=\"elementor-heading-title elementor-size-default\">Wirksamkeit der OKLINE-Keimschutzfilter<\/h1>\t\t\t\t<\/div>\n\t\t\t\t<\/div>\n\t\t\t\t<div class=\"elementor-element elementor-element-d64b79e elementor-widget elementor-widget-text-editor\" data-id=\"d64b79e\" data-element_type=\"widget\" data-e-type=\"widget\" data-widget_type=\"text-editor.default\">\n\t\t\t\t<div class=\"elementor-widget-container\">\n\t\t\t\t\t\t\t\t\t<p>Hier ist eine nicht ersch\u00f6pfende Liste von <strong>pathogenen<\/strong> und <strong>nicht-pathogenen<\/strong> Bakterien, die im Leitungswasser vorkommen k\u00f6nnen:<\/p>\n\t\t\t\t\t\t\t\t<\/div>\n\t\t\t\t<\/div>\n\t\t\t\t<div class=\"elementor-element elementor-element-3ef168e elementor-widget elementor-widget-heading\" data-id=\"3ef168e\" data-element_type=\"widget\" data-e-type=\"widget\" data-widget_type=\"heading.default\">\n\t\t\t\t<div class=\"elementor-widget-container\">\n\t\t\t\t\t<h2 class=\"elementor-heading-title elementor-size-default\">Pathogene Bakterien<\/h2>\t\t\t\t<\/div>\n\t\t\t\t<\/div>\n\t\t\t\t<div class=\"elementor-element elementor-element-d9181c4 elementor-widget elementor-widget-text-editor\" data-id=\"d9181c4\" data-element_type=\"widget\" data-e-type=\"widget\" data-widget_type=\"text-editor.default\">\n\t\t\t\t<div class=\"elementor-widget-container\">\n\t\t\t\t\t\t\t\t\t<ol>\n<li>Escherichia coli (E. coli)<\/li>\n<li>Salmonella spp.<\/li>\n<li>Campylobacter jejuni<\/li>\n<li>Vibrio cholerae (cholera)<\/li>\n<li>Legionella pneumophila <span style=\"color: var( --e-global-color-text ); font-family: var( --e-global-typography-text-font-family ), Sans-serif;\">(Legion\u00e4rskrankheit)<\/span><\/li>\n<li>Shigella spp.<\/li>\n<li>Yersinia enterocolitica<\/li>\n<li>Pseudomonas aeruginosa<\/li>\n<li>Clostridium perfringens<\/li>\n<li>Staphylococcus aureus<\/li>\n<\/ol>\n\t\t\t\t\t\t\t\t<\/div>\n\t\t\t\t<\/div>\n\t\t\t\t<div class=\"elementor-element elementor-element-c8bad15 elementor-widget elementor-widget-heading\" data-id=\"c8bad15\" data-element_type=\"widget\" data-e-type=\"widget\" data-widget_type=\"heading.default\">\n\t\t\t\t<div class=\"elementor-widget-container\">\n\t\t\t\t\t<h2 class=\"elementor-heading-title elementor-size-default\">Nicht pathogene Bakterien<\/h2>\t\t\t\t<\/div>\n\t\t\t\t<\/div>\n\t\t\t\t<div class=\"elementor-element elementor-element-48b5ad1 elementor-widget elementor-widget-text-editor\" data-id=\"48b5ad1\" data-element_type=\"widget\" data-e-type=\"widget\" data-widget_type=\"text-editor.default\">\n\t\t\t\t<div class=\"elementor-widget-container\">\n\t\t\t\t\t\t\t\t\t<ol>\n<li>Bacillus spp.<\/li>\n<li>Enterococcus spp.<\/li>\n<li>Acinetobacter spp.<\/li>\n<li>Lactobacillus spp.<\/li>\n<li>Micrococcus spp.<\/li>\n<li>Pseudomonas fluorescens<\/li>\n<li>Serratia marcescens<\/li>\n<li>Stenotrophomonas<\/li>\n<li>maltophilia<\/li>\n<li>Aeromonas spp.<br \/>Alcaligenes spp.<\/li>\n<\/ol>\n\t\t\t\t\t\t\t\t<\/div>\n\t\t\t\t<\/div>\n\t\t\t\t<div class=\"elementor-element elementor-element-020b391 elementor-widget elementor-widget-text-editor\" data-id=\"020b391\" data-element_type=\"widget\" data-e-type=\"widget\" data-widget_type=\"text-editor.default\">\n\t\t\t\t<div class=\"elementor-widget-container\">\n\t\t\t\t\t\t\t\t\t<p>Es ist wichtig zu beachten, dass das Vorkommen dieser Bakterien im Leitungswasser von vielen Faktoren abh\u00e4ngt, z. B. von der Qualit\u00e4t des Versorgungswassers, der Wasseraufbereitung, der Wartung des Leitungsnetzes und anderen Umweltfaktoren. In den meisten F\u00e4llen sind die f\u00fcr die Wasserversorgung zust\u00e4ndigen Beh\u00f6rden bestrebt, hohe Standards f\u00fcr die Wasserqualit\u00e4t einzuhalten, indem sie regelm\u00e4\u00dfige Tests durchf\u00fchren und Ma\u00dfnahmen zur Verhinderung bakterieller Verunreinigungen ergreifen.<\/p>\n\t\t\t\t\t\t\t\t<\/div>\n\t\t\t\t<\/div>\n\t\t\t\t<div class=\"elementor-element elementor-element-f206237 elementor-widget elementor-widget-text-editor\" data-id=\"f206237\" data-element_type=\"widget\" data-e-type=\"widget\" data-widget_type=\"text-editor.default\">\n\t\t\t\t<div class=\"elementor-widget-container\">\n\t\t\t\t\t\t\t\t\t<p><strong>Bakterien mit einer Gr\u00f6\u00dfe von weniger als 0,1 Mikrometer<\/strong> werden allgemein als Bakterien betrachtet, die unter dem Begriff &#8222;ultramikroskopische Bakterien&#8220; zusammengefasst werden. Diese Bakterien sind extrem klein und <strong>k\u00f6nnen die herk\u00f6mmlichen Filter<\/strong>, die zur Wasseraufbereitung verwendet werden, durchdringen. Hier sind einige Beispiele f\u00fcr ultramikroskopische Bakterien:<\/p>\n<ol>\n<li>Mycoplasma pneumoniae<\/li>\n<li>Chlamydia trachomatis<\/li>\n<li>Rickettsia prowazekii<\/li>\n<li>Coxiella burnetii<\/li>\n<li>Anaplasma phagocytophilum<\/li>\n<li>Ehrlichia chaffeensis<\/li>\n<\/ol>\n\t\t\t\t\t\t\t\t<\/div>\n\t\t\t\t<\/div>\n\t\t\t\t\t<\/div>\n\t\t<\/div>\n\t\t\t\t\t<\/div>\n\t\t<\/section>\n\t\t\t\t<\/div>\n\t\t","protected":false},"excerpt":{"rendered":"<p>Wirksamkeit der OKLINE-Keimschutzfilter Hier ist eine nicht ersch\u00f6pfende Liste von pathogenen und nicht-pathogenen Bakterien, die im Leitungswasser vorkommen k\u00f6nnen: Pathogene Bakterien Escherichia coli (E. coli) Salmonella spp. Campylobacter jejuni Vibrio cholerae (cholera) Legionella pneumophila (Legion\u00e4rskrankheit) Shigella spp. Yersinia enterocolitica Pseudomonas aeruginosa Clostridium perfringens Staphylococcus aureus Nicht pathogene Bakterien Bacillus spp. Enterococcus spp. Acinetobacter spp. Lactobacillus [&hellip;]<\/p>\n","protected":false},"author":1,"featured_media":0,"parent":0,"menu_order":0,"comment_status":"closed","ping_status":"closed","template":"","meta":{"footnotes":""},"class_list":["post-718","page","type-page","status-publish","hentry"],"_links":{"self":[{"href":"https:\/\/o-kline.com\/de\/wp-json\/wp\/v2\/pages\/718","targetHints":{"allow":["GET"]}}],"collection":[{"href":"https:\/\/o-kline.com\/de\/wp-json\/wp\/v2\/pages"}],"about":[{"href":"https:\/\/o-kline.com\/de\/wp-json\/wp\/v2\/types\/page"}],"author":[{"embeddable":true,"href":"https:\/\/o-kline.com\/de\/wp-json\/wp\/v2\/users\/1"}],"replies":[{"embeddable":true,"href":"https:\/\/o-kline.com\/de\/wp-json\/wp\/v2\/comments?post=718"}],"version-history":[{"count":0,"href":"https:\/\/o-kline.com\/de\/wp-json\/wp\/v2\/pages\/718\/revisions"}],"wp:attachment":[{"href":"https:\/\/o-kline.com\/de\/wp-json\/wp\/v2\/media?parent=718"}],"curies":[{"name":"wp","href":"https:\/\/api.w.org\/{rel}","templated":true}]}}